{"id":42,"date":"2021-10-18T15:28:28","date_gmt":"2021-10-18T18:28:28","guid":{"rendered":"https:\/\/www.encontraes.com.br\/sobre\/?page_id=42"},"modified":"2021-10-18T15:34:52","modified_gmt":"2021-10-18T18:34:52","slug":"anuncie","status":"publish","type":"page","link":"https:\/\/www.encontraes.com.br\/sobre\/anuncie\/","title":{"rendered":"Anuncie"},"content":{"rendered":"\r\n<p>Anuncie e tenha prioridade para divulgar sua empresa ou servi\u00e7o aos usu\u00e1rios que s\u00e3o os moradores da regi\u00e3o.<a href=\"https:\/\/www.encontrabrasil.com.br\/anuncie\/\" target=\"_blank\" rel=\"noreferrer noopener\">Conhe\u00e7a os Planos Premium &#8211;\u00a0clique aqui<\/a><strong> VANTAGENS DO AN\u00daNCIO PREMIUM EM DESTAQUE<\/strong><\/p>\r\n\r\n\r\n\r\n<ul class=\"wp-block-list\">\r\n<li>Descri\u00e7\u00e3o completa, endere\u00e7o, telefone, site, fotos, v\u00eddeo e palavras-chave<\/li>\r\n<li>Divulga\u00e7\u00e3o na Internet com alcance ao morador<\/li>\r\n<li>An\u00fancio vis\u00edvel 24 horas por dia<\/li>\r\n<li>N\u00e3o paga por clique!<\/li>\r\n<li>Visibilidade no Google<\/li>\r\n<li>Excelente custo x benef\u00edcio<\/li>\r\n<\/ul>\r\n\r\n\r\n\r\n<p>Os sites do <strong>EncontraBrasil<\/strong>\u00a0s\u00e3o considerados relevantes pelo Google e j\u00e1 aparecem\u00a0 nas primeiras p\u00e1ginas. Ent\u00e3o criamos um an\u00fancio em DESTAQUE PARA SUA EMPRESA dentro de nossos sites!<\/p>\r\n\r\n\r\n\r\n<p><iframe style=\"border: 0; width: 100%; max-width: 560px; height: 315px;\" src=\"https:\/\/www.youtube.com\/embed\/hiFdRFCOmQA?rel=0&amp;showinfo=0\" allowfullscreen=\"allowfullscreen\"><\/iframe><\/p>\r\n<p>Trabalhamos para que todas as <em>categorias com an\u00fancio em destaque<\/em> fiquem posicionas na primeira p\u00e1gina do Google e dispon\u00edvel por tempo ilimitado, 7 dias por semana.<\/p>\r\n\r\n\r\n\r\n<p><strong>Mas aparece mesmo na primeira p\u00e1gina? <\/strong>Veja alguns exemplos\u00a0de palavras chaves que aparecemos nas primeiras posi\u00e7\u00f5es [ <a href=\"http:\/\/bit.ly\/encontrabrasil-primeiro-no-google\" target=\"_blank\" rel=\"noreferrer noopener\">clique aqui<\/a> ] Para contratar o\u00a0an\u00fancio premium em destaque, acesse:\u00a0<a href=\"https:\/\/www.encontrabrasil.com.br\/anuncie\/\" target=\"_blank\" rel=\"noreferrer noopener\">www.encontrabrasil.com.br\/anuncie<\/a>\/<\/p>\n","protected":false},"excerpt":{"rendered":"<p>Anuncie e tenha prioridade para divulgar sua empresa ou servi\u00e7o aos usu\u00e1rios que s\u00e3o os moradores da regi\u00e3o.Conhe\u00e7a os Planos Premium &#8211;\u00a0clique aqui VANTAGENS DO AN\u00daNCIO PREMIUM EM DESTAQUE Descri\u00e7\u00e3o completa, endere\u00e7o, telefone, site, fotos, v\u00eddeo e palavras-chave Divulga\u00e7\u00e3o na Internet com alcance ao morador An\u00fancio vis\u00edvel 24 horas por dia N\u00e3o paga por clique! Visibilidade no Google Excelente custo x benef\u00edcio Os sites do EncontraBrasil\u00a0s\u00e3o considerados relevantes pelo Google e j\u00e1 aparecem\u00a0 nas primeiras p\u00e1ginas. Ent\u00e3o criamos um an\u00fancio em DESTAQUE PARA SUA EMPRESA dentro de nossos sites! Trabalhamos para que todas as categorias com an\u00fancio em destaque fiquem <\/p>\n","protected":false},"author":1,"featured_media":0,"parent":0,"menu_order":0,"comment_status":"closed","ping_status":"closed","template":"","meta":{"footnotes":""},"class_list":["post-42","page","type-page","status-publish","hentry"],"yoast_head":"<!-- This site is optimized with the Yoast SEO plugin v24.0 - https:\/\/yoast.com\/wordpress\/plugins\/seo\/ -->\n<title>Anuncie - Encontra Esp\u00edrito Santo<\/title>\n<meta name=\"robots\" content=\"index, follow, max-snippet:-1, max-image-preview:large, max-video-preview:-1\" \/>\n<link rel=\"canonical\" href=\"https:\/\/www.encontraes.com.br\/sobre\/anuncie\/\" \/>\n<meta property=\"og:locale\" content=\"pt_BR\" \/>\n<meta property=\"og:type\" content=\"article\" \/>\n<meta property=\"og:title\" content=\"Anuncie - Encontra Esp\u00edrito Santo\" \/>\n<meta property=\"og:description\" content=\"Anuncie e tenha prioridade para divulgar sua empresa ou servi\u00e7o aos usu\u00e1rios que s\u00e3o os moradores da regi\u00e3o.Conhe\u00e7a os Planos Premium &#8211;\u00a0clique aqui VANTAGENS DO AN\u00daNCIO PREMIUM EM DESTAQUE Descri\u00e7\u00e3o completa, endere\u00e7o, telefone, site, fotos, v\u00eddeo e palavras-chave Divulga\u00e7\u00e3o na Internet com alcance ao morador An\u00fancio vis\u00edvel 24 horas por dia N\u00e3o paga por clique! Visibilidade no Google Excelente custo x benef\u00edcio Os sites do EncontraBrasil\u00a0s\u00e3o considerados relevantes pelo Google e j\u00e1 aparecem\u00a0 nas primeiras p\u00e1ginas. Ent\u00e3o criamos um an\u00fancio em DESTAQUE PARA SUA EMPRESA dentro de nossos sites! Trabalhamos para que todas as categorias com an\u00fancio em destaque fiquem\" \/>\n<meta property=\"og:url\" content=\"https:\/\/www.encontraes.com.br\/sobre\/anuncie\/\" \/>\n<meta property=\"og:site_name\" content=\"Encontra Esp\u00edrito Santo\" \/>\n<meta property=\"article:modified_time\" content=\"2021-10-18T18:34:52+00:00\" \/>\n<meta name=\"twitter:card\" content=\"summary_large_image\" \/>\n<meta name=\"twitter:label1\" content=\"Est. tempo de leitura\" \/>\n\t<meta name=\"twitter:data1\" content=\"1 minuto\" \/>\n<script type=\"application\/ld+json\" class=\"yoast-schema-graph\">{\"@context\":\"https:\/\/schema.org\",\"@graph\":[{\"@type\":\"WebPage\",\"@id\":\"https:\/\/www.encontraes.com.br\/sobre\/anuncie\/\",\"url\":\"https:\/\/www.encontraes.com.br\/sobre\/anuncie\/\",\"name\":\"Anuncie - Encontra Esp\u00edrito Santo\",\"isPartOf\":{\"@id\":\"https:\/\/www.encontraes.com.br\/sobre\/#website\"},\"datePublished\":\"2021-10-18T18:28:28+00:00\",\"dateModified\":\"2021-10-18T18:34:52+00:00\",\"breadcrumb\":{\"@id\":\"https:\/\/www.encontraes.com.br\/sobre\/anuncie\/#breadcrumb\"},\"inLanguage\":\"pt-BR\",\"potentialAction\":[{\"@type\":\"ReadAction\",\"target\":[\"https:\/\/www.encontraes.com.br\/sobre\/anuncie\/\"]}]},{\"@type\":\"BreadcrumbList\",\"@id\":\"https:\/\/www.encontraes.com.br\/sobre\/anuncie\/#breadcrumb\",\"itemListElement\":[{\"@type\":\"ListItem\",\"position\":1,\"name\":\"In\u00edcio\",\"item\":\"https:\/\/www.encontraes.com.br\/sobre\/\"},{\"@type\":\"ListItem\",\"position\":2,\"name\":\"Anuncie\"}]},{\"@type\":\"WebSite\",\"@id\":\"https:\/\/www.encontraes.com.br\/sobre\/#website\",\"url\":\"https:\/\/www.encontraes.com.br\/sobre\/\",\"name\":\"Encontra Esp\u00edrito Santo\",\"description\":\"Not\u00edcias, eventos, informa\u00e7\u00f5es e dicas no estado do Esp\u00edrito Santo\",\"potentialAction\":[{\"@type\":\"SearchAction\",\"target\":{\"@type\":\"EntryPoint\",\"urlTemplate\":\"https:\/\/www.encontraes.com.br\/sobre\/?s={search_term_string}\"},\"query-input\":{\"@type\":\"PropertyValueSpecification\",\"valueRequired\":true,\"valueName\":\"search_term_string\"}}],\"inLanguage\":\"pt-BR\"}]}<\/script>\n<!-- \/ Yoast SEO plugin. -->","yoast_head_json":{"title":"Anuncie - Encontra Esp\u00edrito Santo","robots":{"index":"index","follow":"follow","max-snippet":"max-snippet:-1","max-image-preview":"max-image-preview:large","max-video-preview":"max-video-preview:-1"},"canonical":"https:\/\/www.encontraes.com.br\/sobre\/anuncie\/","og_locale":"pt_BR","og_type":"article","og_title":"Anuncie - Encontra Esp\u00edrito Santo","og_description":"Anuncie e tenha prioridade para divulgar sua empresa ou servi\u00e7o aos usu\u00e1rios que s\u00e3o os moradores da regi\u00e3o.Conhe\u00e7a os Planos Premium &#8211;\u00a0clique aqui VANTAGENS DO AN\u00daNCIO PREMIUM EM DESTAQUE Descri\u00e7\u00e3o completa, endere\u00e7o, telefone, site, fotos, v\u00eddeo e palavras-chave Divulga\u00e7\u00e3o na Internet com alcance ao morador An\u00fancio vis\u00edvel 24 horas por dia N\u00e3o paga por clique! Visibilidade no Google Excelente custo x benef\u00edcio Os sites do EncontraBrasil\u00a0s\u00e3o considerados relevantes pelo Google e j\u00e1 aparecem\u00a0 nas primeiras p\u00e1ginas. Ent\u00e3o criamos um an\u00fancio em DESTAQUE PARA SUA EMPRESA dentro de nossos sites! Trabalhamos para que todas as categorias com an\u00fancio em destaque fiquem","og_url":"https:\/\/www.encontraes.com.br\/sobre\/anuncie\/","og_site_name":"Encontra Esp\u00edrito Santo","article_modified_time":"2021-10-18T18:34:52+00:00","twitter_card":"summary_large_image","twitter_misc":{"Est. tempo de leitura":"1 minuto"},"schema":{"@context":"https:\/\/schema.org","@graph":[{"@type":"WebPage","@id":"https:\/\/www.encontraes.com.br\/sobre\/anuncie\/","url":"https:\/\/www.encontraes.com.br\/sobre\/anuncie\/","name":"Anuncie - Encontra Esp\u00edrito Santo","isPartOf":{"@id":"https:\/\/www.encontraes.com.br\/sobre\/#website"},"datePublished":"2021-10-18T18:28:28+00:00","dateModified":"2021-10-18T18:34:52+00:00","breadcrumb":{"@id":"https:\/\/www.encontraes.com.br\/sobre\/anuncie\/#breadcrumb"},"inLanguage":"pt-BR","potentialAction":[{"@type":"ReadAction","target":["https:\/\/www.encontraes.com.br\/sobre\/anuncie\/"]}]},{"@type":"BreadcrumbList","@id":"https:\/\/www.encontraes.com.br\/sobre\/anuncie\/#breadcrumb","itemListElement":[{"@type":"ListItem","position":1,"name":"In\u00edcio","item":"https:\/\/www.encontraes.com.br\/sobre\/"},{"@type":"ListItem","position":2,"name":"Anuncie"}]},{"@type":"WebSite","@id":"https:\/\/www.encontraes.com.br\/sobre\/#website","url":"https:\/\/www.encontraes.com.br\/sobre\/","name":"Encontra Esp\u00edrito Santo","description":"Not\u00edcias, eventos, informa\u00e7\u00f5es e dicas no estado do Esp\u00edrito Santo","potentialAction":[{"@type":"SearchAction","target":{"@type":"EntryPoint","urlTemplate":"https:\/\/www.encontraes.com.br\/sobre\/?s={search_term_string}"},"query-input":{"@type":"PropertyValueSpecification","valueRequired":true,"valueName":"search_term_string"}}],"inLanguage":"pt-BR"}]}},"_links":{"self":[{"href":"https:\/\/www.encontraes.com.br\/sobre\/wp-json\/wp\/v2\/pages\/42","targetHints":{"allow":["GET"]}}],"collection":[{"href":"https:\/\/www.encontraes.com.br\/sobre\/wp-json\/wp\/v2\/pages"}],"about":[{"href":"https:\/\/www.encontraes.com.br\/sobre\/wp-json\/wp\/v2\/types\/page"}],"author":[{"embeddable":true,"href":"https:\/\/www.encontraes.com.br\/sobre\/wp-json\/wp\/v2\/users\/1"}],"replies":[{"embeddable":true,"href":"https:\/\/www.encontraes.com.br\/sobre\/wp-json\/wp\/v2\/comments?post=42"}],"version-history":[{"count":0,"href":"https:\/\/www.encontraes.com.br\/sobre\/wp-json\/wp\/v2\/pages\/42\/revisions"}],"wp:attachment":[{"href":"https:\/\/www.encontraes.com.br\/sobre\/wp-json\/wp\/v2\/media?parent=42"}],"curies":[{"name":"wp","href":"https:\/\/api.w.org\/{rel}","templated":true}]}}